{"id":9176,"date":"2021-11-12T19:15:40","date_gmt":"2021-11-12T18:15:40","guid":{"rendered":"https:\/\/tecnopesca.com\/?page_id=9176"},"modified":"2021-11-12T19:30:53","modified_gmt":"2021-11-12T18:30:53","slug":"conceptions-de-la-clause-de-propriete-industrielle","status":"publish","type":"page","link":"https:\/\/tecnopesca.com\/fr\/conceptions-de-la-clause-de-propriete-industrielle\/","title":{"rendered":"Conceptions de la clause de propri\u00e9t\u00e9 industrielle"},"content":{"rendered":"<p>[vc_row lg_spacing=&#8221;padding_top:80&#8243;][vc_column][vc_column_text]<\/p>\n<div class=\"entry-content\">\n<p><strong>PROPRI\u00c9T\u00c9 INDUSTRIELLE:<\/strong> Loi 20\/2003, du 7 juillet, sur la protection juridique des dessins et mod\u00e8les industriels. TECNOPESCA P Y M, S.L. est le titulaire du droit exclusif d&#8217;utiliser ce dessin. A cet effet, il est interdit de fabriquer, plagier, exploiter, divulguer&#8230; sans son consentement expr\u00e8s.<\/p>\n<p>Ce droit subsistera m\u00eame apr\u00e8s la fin de la relation et sa violation donnera lieu \u00e0 l&#8217;exigence de responsabilit\u00e9s l\u00e9gales.<\/p>\n<\/div>\n<p>[\/vc_column_text][\/vc_column][\/vc_row][vc_row][vc_column][tm_spacer size=&#8221;lg:60&#8243;][\/vc_column][\/vc_row]<\/p>\n","protected":false},"excerpt":{"rendered":"<p>[vc_row lg_spacing=&#8221;padding_top:80&#8243;][vc_column][vc_column_text] PROPRI\u00c9T\u00c9 INDUSTRIELLE: Loi 20\/2003, du 7 juillet, sur la protection juridique des dessins et mod\u00e8les industriels. TECNOPESCA P Y M, S.L. est le titulaire du droit exclusif d&#8217;utiliser ce dessin. A cet effet, il est interdit de fabriquer, plagier, exploiter, divulguer&#8230; sans son consentement expr\u00e8s. Ce droit subsistera m\u00eame apr\u00e8s la fin de la relation et sa violation donnera lieu \u00e0 l&#8217;exigence de responsabilit\u00e9s l\u00e9gales. [\/vc_column_text][\/vc_column][\/vc_row][vc_row][vc_column][tm_spacer size=&#8221;lg:60&#8243;][\/vc_column][\/vc_row]<\/p>\n","protected":false},"author":3,"featured_media":0,"parent":0,"menu_order":0,"comment_status":"closed","ping_status":"closed","template":"","meta":{"footnotes":""},"aioseo_notices":[],"_links":{"self":[{"href":"https:\/\/tecnopesca.com\/fr\/wp-json\/wp\/v2\/pages\/9176"}],"collection":[{"href":"https:\/\/tecnopesca.com\/fr\/wp-json\/wp\/v2\/pages"}],"about":[{"href":"https:\/\/tecnopesca.com\/fr\/wp-json\/wp\/v2\/types\/page"}],"author":[{"embeddable":true,"href":"https:\/\/tecnopesca.com\/fr\/wp-json\/wp\/v2\/users\/3"}],"replies":[{"embeddable":true,"href":"https:\/\/tecnopesca.com\/fr\/wp-json\/wp\/v2\/comments?post=9176"}],"version-history":[{"count":1,"href":"https:\/\/tecnopesca.com\/fr\/wp-json\/wp\/v2\/pages\/9176\/revisions"}],"predecessor-version":[{"id":9177,"href":"https:\/\/tecnopesca.com\/fr\/wp-json\/wp\/v2\/pages\/9176\/revisions\/9177"}],"wp:attachment":[{"href":"https:\/\/tecnopesca.com\/fr\/wp-json\/wp\/v2\/media?parent=9176"}],"curies":[{"name":"wp","href":"https:\/\/api.w.org\/{rel}","templated":true}]}}